{"id":7973,"date":"2021-01-25T12:49:40","date_gmt":"2021-01-25T12:49:40","guid":{"rendered":"http:\/\/camatrade.com\/?page_id=7973"},"modified":"2021-01-25T13:14:53","modified_gmt":"2021-01-25T13:14:53","slug":"hakkimizda","status":"publish","type":"page","link":"https:\/\/www.camatrade.com\/index.php\/tr\/hakkimizda\/","title":{"rendered":"Hakk\u0131m\u0131zda"},"content":{"rendered":"[vc_row type=&#8221;full_width_background&#8221; full_screen_row_position=&#8221;middle&#8221; column_margin=&#8221;default&#8221; column_direction=&#8221;default&#8221; column_direction_tablet=&#8221;default&#8221; column_direction_phone=&#8221;default&#8221; bg_color=&#8221;#2b2b2b&#8221; video_bg=&#8221;use_video&#8221; video_webm=&#8221;http:\/\/www.camacompany.com\/about.webm&#8221; video_mp4=&#8221;http:\/\/www.camacompany.com\/about.mp4&#8243; video_image=&#8221;2067&#8243; scene_position=&#8221;center&#8221; top_padding=&#8221;13%&#8221; bottom_padding=&#8221;13%&#8221; text_color=&#8221;light&#8221; text_align=&#8221;left&#8221; row_border_radius=&#8221;none&#8221; row_border_radius_applies=&#8221;bg&#8221; id=&#8221;culture&#8221; overlay_strength=&#8221;0.3&#8243; gradient_direction=&#8221;left_to_right&#8221; shape_divider_position=&#8221;bottom&#8221; bg_image_animation=&#8221;none&#8221; video_mute=&#8221;true&#8221;][vc_column column_padding=&#8221;no-extra-padding&#8221; column_padding_tablet=&#8221;inherit&#8221; column_padding_phone=&#8221;inherit&#8221; column_padding_position=&#8221;all&#8221; background_color_opacity=&#8221;1&#8243; background_hover_color_opacity=&#8221;1&#8243; column_shadow=&#8221;none&#8221; column_border_radius=&#8221;none&#8221; column_link_target=&#8221;_self&#8221; gradient_direction=&#8221;left_to_right&#8221; overlay_strength=&#8221;0.3&#8243; width=&#8221;1\/1&#8243; tablet_width_inherit=&#8221;default&#8221; tablet_text_alignment=&#8221;default&#8221; phone_text_alignment=&#8221;default&#8221; column_border_width=&#8221;none&#8221; column_border_style=&#8221;solid&#8221; bg_image_animation=&#8221;none&#8221;][split_line_heading animation_type=&#8221;default&#8221;]\n<h1>Global \u00c7\u00f6z\u00fcm Orta\u011f\u0131n\u0131z<\/h1>\n[\/split_line_heading][\/vc_column][\/vc_row][vc_row type=&#8221;in_container&#8221; full_screen_row_position=&#8221;middle&#8221; column_margin=&#8221;default&#8221; equal_height=&#8221;yes&#8221; content_placement=&#8221;middle&#8221; column_direction=&#8221;default&#8221; column_direction_tablet=&#8221;default&#8221; column_direction_phone=&#8221;default&#8221; scene_position=&#8221;center&#8221; top_padding=&#8221;0&#8243; bottom_padding=&#8221;0&#8243; text_color=&#8221;dark&#8221; text_align=&#8221;left&#8221; row_border_radius=&#8221;none&#8221; row_border_radius_applies=&#8221;bg&#8221; overlay_strength=&#8221;0.3&#8243; gradient_direction=&#8221;left_to_right&#8221; shape_divider_position=&#8221;bottom&#8221; bg_image_animation=&#8221;none&#8221; shape_type=&#8221;curve_opacity&#8221;][vc_column column_padding=&#8221;padding-6-percent&#8221; column_padding_tablet=&#8221;inherit&#8221; column_padding_phone=&#8221;inherit&#8221; column_padding_position=&#8221;right&#8221; background_color_opacity=&#8221;1&#8243; background_hover_color_opacity=&#8221;1&#8243; column_shadow=&#8221;none&#8221; column_border_radius=&#8221;none&#8221; column_link_target=&#8221;_self&#8221; gradient_direction=&#8221;left_to_right&#8221; overlay_strength=&#8221;0.3&#8243; width=&#8221;1\/2&#8243; tablet_width_inherit=&#8221;default&#8221; tablet_text_alignment=&#8221;default&#8221; phone_text_alignment=&#8221;default&#8221; column_border_width=&#8221;none&#8221; column_border_style=&#8221;solid&#8221; bg_image_animation=&#8221;none&#8221;][vc_column_text css=&#8221;.vc_custom_1611578867636{margin-top: 50px !important;margin-bottom: 20px !important;}&#8221;]\n<h5 style=\"text-align: right;\"><span style=\"color: #999999;\">ADIMIZ<\/span><\/h5>\n<h2 style=\"text-align: right;\">CAMA<\/h2>\n<div id=\"gtx-trans\" style=\"position: absolute; left: 570px; top: 39.3438px;\">\n<div class=\"gtx-trans-icon\"><\/div>\n<\/div>\n[\/vc_column_text][vc_column_text css_animation=&#8221;fadeIn&#8221;]<strong>CAMA<\/strong> (Frans\u0131zca olarak &#8220;<strong>C<\/strong>entrale d\u2019<strong>A<\/strong>chat pour le <strong>M<\/strong>arch\u00e9 <strong>A<\/strong>fricaine\u2019\u2019), \u00f6zellikle Afrika pazar\u0131na hitap eden bir tedarik firmas\u0131d\u0131r. <strong>CAMA<\/strong>, m\u00fc\u015fteri ihtiya\u00e7lar\u0131na ili\u015fkin en iyi hizmeti verebilmek i\u00e7in \u0130stanbul T\u00fcrkiye&#8217;de kurulmu\u015ftur.[\/vc_column_text][\/vc_column][vc_column column_padding=&#8221;padding-3-percent&#8221; column_padding_tablet=&#8221;inherit&#8221; column_padding_phone=&#8221;inherit&#8221; column_padding_position=&#8221;all&#8221; background_color_opacity=&#8221;1&#8243; background_hover_color_opacity=&#8221;1&#8243; column_shadow=&#8221;none&#8221; column_border_radius=&#8221;none&#8221; column_link_target=&#8221;_self&#8221; gradient_direction=&#8221;left_to_right&#8221; overlay_strength=&#8221;0.3&#8243; width=&#8221;1\/2&#8243; tablet_width_inherit=&#8221;default&#8221; tablet_text_alignment=&#8221;default&#8221; phone_text_alignment=&#8221;default&#8221; column_border_width=&#8221;none&#8221; column_border_style=&#8221;solid&#8221; bg_image_animation=&#8221;none&#8221;][nectar_cascading_images image_1_url=&#8221;2906&#8243; image_1_offset_x_sign=&#8221;+&#8221; image_1_offset_x=&#8221;0%&#8221; image_1_offset_y_sign=&#8221;+&#8221; image_1_offset_y=&#8221;10%&#8221; image_1_rotate_sign=&#8221;+&#8221; image_1_rotate=&#8221;none&#8221; image_1_scale=&#8221;1&#8243; image_1_animation=&#8221;Grow In&#8221; image_1_box_shadow=&#8221;none&#8221; image_1_padding=&#8221;auto&#8221; image_1_max_width_desktop=&#8221;100%&#8221; image_1_max_width_mobile=&#8221;100%&#8221; image_1_image_width_mobile=&#8221;default&#8221; image_2_offset_x_sign=&#8221;-&#8221; image_2_offset_x=&#8221;0%&#8221; image_2_offset_y_sign=&#8221;+&#8221; image_2_offset_y=&#8221;0%&#8221; image_2_rotate_sign=&#8221;+&#8221; image_2_rotate=&#8221;none&#8221; image_2_scale=&#8221;0.5&#8243; image_2_animation=&#8221;Grow In&#8221; image_2_box_shadow=&#8221;none&#8221; image_2_padding=&#8221;auto&#8221; image_2_max_width_desktop=&#8221;100%&#8221; image_2_max_width_mobile=&#8221;100%&#8221; image_2_image_width_mobile=&#8221;default&#8221; image_3_offset_x_sign=&#8221;+&#8221; image_3_offset_x=&#8221;0%&#8221; image_3_offset_y_sign=&#8221;+&#8221; image_3_offset_y=&#8221;0%&#8221; image_3_rotate_sign=&#8221;+&#8221; image_3_rotate=&#8221;none&#8221; image_3_scale=&#8221;0.75&#8243; image_3_animation=&#8221;Grow In&#8221; image_3_box_shadow=&#8221;none&#8221; image_3_padding=&#8221;auto&#8221; image_3_max_width_desktop=&#8221;100%&#8221; image_3_max_width_mobile=&#8221;100%&#8221; image_3_image_width_mobile=&#8221;default&#8221; image_4_offset_x_sign=&#8221;+&#8221; image_4_offset_x=&#8221;0%&#8221; image_4_offset_y_sign=&#8221;+&#8221; image_4_offset_y=&#8221;0%&#8221; image_4_rotate_sign=&#8221;+&#8221; image_4_rotate=&#8221;none&#8221; image_4_scale=&#8221;1&#8243; image_4_animation=&#8221;Fade In&#8221; image_4_box_shadow=&#8221;none&#8221; image_4_padding=&#8221;auto&#8221; image_4_max_width_desktop=&#8221;100%&#8221; image_4_max_width_mobile=&#8221;100%&#8221; image_4_image_width_mobile=&#8221;default&#8221; border_radius=&#8221;none&#8221; image_loading=&#8221;default&#8221;][\/vc_column][\/vc_row][vc_row type=&#8221;in_container&#8221; full_screen_row_position=&#8221;middle&#8221; column_margin=&#8221;default&#8221; equal_height=&#8221;yes&#8221; content_placement=&#8221;middle&#8221; column_direction=&#8221;default&#8221; column_direction_tablet=&#8221;default&#8221; column_direction_phone=&#8221;default&#8221; scene_position=&#8221;center&#8221; top_padding=&#8221;0&#8243; text_color=&#8221;dark&#8221; text_align=&#8221;left&#8221; row_border_radius=&#8221;none&#8221; row_border_radius_applies=&#8221;bg&#8221; overlay_strength=&#8221;0.3&#8243; gradient_direction=&#8221;left_to_right&#8221; shape_divider_position=&#8221;bottom&#8221; bg_image_animation=&#8221;none&#8221; shape_type=&#8221;&#8221;][vc_column column_padding=&#8221;padding-3-percent&#8221; column_padding_tablet=&#8221;inherit&#8221; column_padding_phone=&#8221;inherit&#8221; column_padding_position=&#8221;all&#8221; background_color_opacity=&#8221;1&#8243; background_hover_color_opacity=&#8221;1&#8243; column_shadow=&#8221;none&#8221; column_border_radius=&#8221;none&#8221; column_link_target=&#8221;_self&#8221; gradient_direction=&#8221;left_to_right&#8221; overlay_strength=&#8221;0.3&#8243; width=&#8221;1\/2&#8243; tablet_width_inherit=&#8221;default&#8221; tablet_text_alignment=&#8221;default&#8221; phone_text_alignment=&#8221;default&#8221; column_border_width=&#8221;none&#8221; column_border_style=&#8221;solid&#8221; bg_image_animation=&#8221;none&#8221;][image_with_animation image_url=&#8221;7643&#8243; animation=&#8221;Grow In&#8221; hover_animation=&#8221;none&#8221; alignment=&#8221;&#8221; border_radius=&#8221;none&#8221; box_shadow=&#8221;none&#8221; image_loading=&#8221;default&#8221; max_width=&#8221;100%&#8221; max_width_mobile=&#8221;default&#8221; margin_top=&#8221;5&#8243; margin_bottom=&#8221;6&#8243;][\/vc_column][vc_column column_padding=&#8221;padding-6-percent&#8221; column_padding_tablet=&#8221;inherit&#8221; column_padding_phone=&#8221;inherit&#8221; column_padding_position=&#8221;left&#8221; background_color_opacity=&#8221;1&#8243; background_hover_color_opacity=&#8221;1&#8243; column_shadow=&#8221;none&#8221; column_border_radius=&#8221;none&#8221; column_link_target=&#8221;_self&#8221; gradient_direction=&#8221;left_to_right&#8221; overlay_strength=&#8221;0.3&#8243; width=&#8221;1\/2&#8243; tablet_width_inherit=&#8221;default&#8221; tablet_text_alignment=&#8221;default&#8221; phone_text_alignment=&#8221;default&#8221; column_border_width=&#8221;none&#8221; column_border_style=&#8221;solid&#8221; bg_image_animation=&#8221;none&#8221;][vc_column_text css=&#8221;.vc_custom_1611578911692{margin-top: 50px !important;margin-bottom: 20px !important;}&#8221;]\n<h5><span style=\"color: #999999;\">CAMA TRADE<\/span><\/h5>\n<h2>T\u00fcrkiye&#8217;deki \u0130\u015f Orta\u011f\u0131n\u0131z<\/h2>\n[\/vc_column_text][vc_column_text css_animation=&#8221;fadeIn&#8221;]<strong>CAMA<\/strong> olarak tecr\u00fcbemizi siz de\u011ferli m\u00fc\u015fterilerimizle payla\u015fmaya her zaman haz\u0131r\u0131z. Amac\u0131m\u0131z \u00f6zellikle elektrik, seramik ve metal \u00fcr\u00fcnler gibi malzemeler \u00f6zelinde tedarik hizmeti vermektir. Bu kapsamda T\u00fcrkiye&#8217;de g\u00fcvenilir ve s\u00fcrekli i\u015f orta\u011f\u0131n\u0131z olmak hedefiyle sizlere;<\/p>\n<ul>\n<li>Sipari\u015flerinizin\/ihtiya\u00e7lar\u0131n\u0131z\u0131n merkezile\u015ftirilmesi ve grupland\u0131r\u0131lmas\u0131,<\/li>\n<li>Maliyetlerinizin d\u00fc\u015f\u00fcr\u00fclerek karl\u0131l\u0131\u011f\u0131n\u0131z\u0131n optimizasyonu,<\/li>\n<li>Talep etti\u011finiz \u00fcr\u00fcn\u00fcn alternatif fiyatlar\/markalar ile ve en iyi kalitede T\u00fcrkiye&#8217;den tedarik edilmesi,<\/li>\n<li>\u0130htiyac\u0131n\u0131z olan t\u00fcm \u00fcr\u00fcnlerin \/ mallar\u0131n var\u0131\u015f noktan\u0131zda tam talep etti\u011finiz gibi teslim edilmesi,<\/li>\n<\/ul>\n<p>konular\u0131nda her zaman yard\u0131mc\u0131 olmaya devam edece\u011fiz.<\/p>\n<p>T\u00fcrkiye&#8217;deki merkezi sat\u0131n alma ofisiniz ve kal\u0131c\u0131 orta\u011f\u0131n\u0131z olarak her zaman yan\u0131n\u0131zday\u0131z.[\/vc_column_text][\/vc_column][\/vc_row][vc_row type=&#8221;in_container&#8221; full_screen_row_position=&#8221;middle&#8221; column_margin=&#8221;default&#8221; equal_height=&#8221;yes&#8221; content_placement=&#8221;middle&#8221; column_direction=&#8221;default&#8221; column_direction_tablet=&#8221;default&#8221; column_direction_phone=&#8221;default&#8221; scene_position=&#8221;center&#8221; bottom_padding=&#8221;10%&#8221; text_color=&#8221;dark&#8221; text_align=&#8221;left&#8221; row_border_radius=&#8221;none&#8221; row_border_radius_applies=&#8221;bg&#8221; overlay_strength=&#8221;0.3&#8243; gradient_direction=&#8221;left_to_right&#8221; shape_divider_position=&#8221;bottom&#8221; bg_image_animation=&#8221;none&#8221;][vc_column column_padding=&#8221;padding-6-percent&#8221; column_padding_tablet=&#8221;inherit&#8221; column_padding_phone=&#8221;inherit&#8221; column_padding_position=&#8221;right&#8221; background_color_opacity=&#8221;1&#8243; background_hover_color_opacity=&#8221;1&#8243; column_shadow=&#8221;none&#8221; column_border_radius=&#8221;none&#8221; column_link_target=&#8221;_self&#8221; gradient_direction=&#8221;left_to_right&#8221; overlay_strength=&#8221;0.3&#8243; width=&#8221;1\/2&#8243; tablet_width_inherit=&#8221;default&#8221; tablet_text_alignment=&#8221;default&#8221; phone_text_alignment=&#8221;default&#8221; column_border_width=&#8221;none&#8221; column_border_style=&#8221;solid&#8221; bg_image_animation=&#8221;none&#8221;][vc_column_text css=&#8221;.vc_custom_1611578963477{margin-top: 50px !important;margin-bottom: 20px !important;}&#8221;]\n<h5 style=\"text-align: right;\"><span style=\"color: #999999;\">HIZLI \u0130LET\u0130\u015e\u0130M<\/span><\/h5>\n<h2 style=\"text-align: right;\">Uzun S\u00fcreli \u0130\u015fbirli\u011fi<\/h2>\n[\/vc_column_text][vc_column_text css_animation=&#8221;fadeIn&#8221;]<strong>Hedefimiz<\/strong>, sadece T\u00fcrkiye&#8217;de de\u011fil d\u00fcnyada da en iyi performans g\u00f6steren ve en g\u00fcvenilir malzeme tedarik\u00e7isi olmakt\u0131r.<br \/>\n<strong>Stratejimiz<\/strong>, d\u00fcnyan\u0131n her yerinden m\u00fc\u015fteriler i\u00e7in bir konteynerden komple gemi sevkiyat\u0131na kadar y\u00fcksek kaliteli ve g\u00fcvenilir malzemeler sunmakt\u0131r.<br \/>\n<strong>De\u011ferlerimiz<\/strong>, G\u00fcven, M\u00fc\u015fteri Odakl\u0131l\u0131k, \u015eeffafl\u0131k, \u0130yi \u0130leti\u015fim, G\u00fc\u00e7l\u00fc \u0130li\u015fki ve H\u0131zl\u0131 Yan\u0131t, yapt\u0131\u011f\u0131m\u0131z her \u015feyin merkezinde yer al\u0131r ve \u015firketimizin \u00f6nemli bir par\u00e7as\u0131n\u0131 olu\u015fturur.<br \/>\n<strong>Amac\u0131m\u0131z<\/strong>, m\u00fc\u015fterilerimizin sadece g\u00fcnl\u00fck ihtiya\u00e7lar\u0131n\u0131 kar\u015f\u0131lamak de\u011fil, \u00fcr\u00fcnlerimizi rekabet\u00e7i fiyatlarla sunarak s\u00fcrekli ve g\u00fcvenilir \u00e7\u00f6z\u00fcm ortakl\u0131klar\u0131 olu\u015fturmakt\u0131r.<br \/>\n<strong>\u0130lkemiz<\/strong>, m\u00fc\u015fterilerimize \u00f6ncelik vermekten gurur duymakt\u0131r.<br \/>\n<strong>\u00dcr\u00fcnlerimiz<\/strong>, \u00fcretim kalitenizi optimize etmenizi ve maliyetlerinizi d\u00fc\u015f\u00fcrmenizi sa\u011flar.[\/vc_column_text][\/vc_column][vc_column column_padding=&#8221;padding-3-percent&#8221; column_padding_tablet=&#8221;inherit&#8221; column_padding_phone=&#8221;inherit&#8221; column_padding_position=&#8221;all&#8221; background_color_opacity=&#8221;1&#8243; background_hover_color_opacity=&#8221;1&#8243; column_shadow=&#8221;none&#8221; column_border_radius=&#8221;none&#8221; column_link_target=&#8221;_self&#8221; gradient_direction=&#8221;left_to_right&#8221; overlay_strength=&#8221;0.3&#8243; width=&#8221;1\/2&#8243; tablet_width_inherit=&#8221;default&#8221; tablet_text_alignment=&#8221;default&#8221; phone_text_alignment=&#8221;default&#8221; column_border_width=&#8221;none&#8221; column_border_style=&#8221;solid&#8221; bg_image_animation=&#8221;none&#8221;][image_with_animation image_url=&#8221;7642&#8243; animation=&#8221;Grow In&#8221; hover_animation=&#8221;none&#8221; alignment=&#8221;&#8221; border_radius=&#8221;none&#8221; box_shadow=&#8221;none&#8221; image_loading=&#8221;default&#8221; max_width=&#8221;100%&#8221; max_width_mobile=&#8221;default&#8221; margin_top=&#8221;5&#8243; margin_bottom=&#8221;5&#8243;][\/vc_column][\/vc_row]\n","protected":false},"excerpt":{"rendered":"<p>[vc_row type=&#8221;full_width_background&#8221; full_screen_row_position=&#8221;middle&#8221; column_margin=&#8221;default&#8221; column_direction=&#8221;default&#8221; column_direction_tablet=&#8221;default&#8221; column_direction_phone=&#8221;default&#8221; bg_color=&#8221;#2b2b2b&#8221; video_bg=&#8221;use_video&#8221; video_webm=&#8221;http:\/\/www.camacompany.com\/about.webm&#8221; video_mp4=&#8221;http:\/\/www.camacompany.com\/about.mp4&#8243; video_image=&#8221;2067&#8243; scene_position=&#8221;center&#8221; top_padding=&#8221;13%&#8221; bottom_padding=&#8221;13%&#8221; text_color=&#8221;light&#8221; text_align=&#8221;left&#8221; row_border_radius=&#8221;none&#8221; row_border_radius_applies=&#8221;bg&#8221; id=&#8221;culture&#8221; overlay_strength=&#8221;0.3&#8243; gradient_direction=&#8221;left_to_right&#8221; shape_divider_position=&#8221;bottom&#8221; bg_image_animation=&#8221;none&#8221; video_mute=&#8221;true&#8221;][vc_column column_padding=&#8221;no-extra-padding&#8221; column_padding_tablet=&#8221;inherit&#8221; column_padding_phone=&#8221;inherit&#8221; column_padding_position=&#8221;all&#8221; background_color_opacity=&#8221;1&#8243; background_hover_color_opacity=&#8221;1&#8243; column_shadow=&#8221;none&#8221; column_border_radius=&#8221;none&#8221; column_link_target=&#8221;_self&#8221; gradient_direction=&#8221;left_to_right&#8221; overlay_strength=&#8221;0.3&#8243; width=&#8221;1\/1&#8243; tablet_width_inherit=&#8221;default&#8221; tablet_text_alignment=&#8221;default&#8221; phone_text_alignment=&#8221;default&#8221; column_border_width=&#8221;none&#8221; column_border_style=&#8221;solid&#8221; bg_image_animation=&#8221;none&#8221;][split_line_heading animation_type=&#8221;default&#8221;] Global \u00c7\u00f6z\u00fcm Orta\u011f\u0131n\u0131z [\/split_line_heading][\/vc_column][\/vc_row][vc_row type=&#8221;in_container&#8221; full_screen_row_position=&#8221;middle&#8221; column_margin=&#8221;default&#8221; equal_height=&#8221;yes&#8221; content_placement=&#8221;middle&#8221; column_direction=&#8221;default&#8221; column_direction_tablet=&#8221;default&#8221; column_direction_phone=&#8221;default&#8221; scene_position=&#8221;center&#8221; top_padding=&#8221;0&#8243; bottom_padding=&#8221;0&#8243; text_color=&#8221;dark&#8221;&#8230;<\/p>\n","protected":false},"author":1,"featured_media":0,"parent":0,"menu_order":0,"comment_status":"closed","ping_status":"closed","template":"","meta":{"footnotes":""},"class_list":["post-7973","page","type-page","status-publish"],"_links":{"self":[{"href":"https:\/\/www.camatrade.com\/index.php\/wp-json\/wp\/v2\/pages\/7973","targetHints":{"allow":["GET"]}}],"collection":[{"href":"https:\/\/www.camatrade.com\/index.php\/wp-json\/wp\/v2\/pages"}],"about":[{"href":"https:\/\/www.camatrade.com\/index.php\/wp-json\/wp\/v2\/types\/page"}],"author":[{"embeddable":true,"href":"https:\/\/www.camatrade.com\/index.php\/wp-json\/wp\/v2\/users\/1"}],"replies":[{"embeddable":true,"href":"https:\/\/www.camatrade.com\/index.php\/wp-json\/wp\/v2\/comments?post=7973"}],"version-history":[{"count":3,"href":"https:\/\/www.camatrade.com\/index.php\/wp-json\/wp\/v2\/pages\/7973\/revisions"}],"predecessor-version":[{"id":8006,"href":"https:\/\/www.camatrade.com\/index.php\/wp-json\/wp\/v2\/pages\/7973\/revisions\/8006"}],"wp:attachment":[{"href":"https:\/\/www.camatrade.com\/index.php\/wp-json\/wp\/v2\/media?parent=7973"}],"curies":[{"name":"wp","href":"https:\/\/api.w.org\/{rel}","templated":true}]}}